{"id":1666,"date":"2022-03-21T14:36:22","date_gmt":"2022-03-21T14:36:22","guid":{"rendered":"https:\/\/urretafc.uy\/?page_id=1666"},"modified":"2022-04-04T17:38:34","modified_gmt":"2022-04-04T17:38:34","slug":"beneficios","status":"publish","type":"page","link":"https:\/\/urretafc.uy\/?page_id=1666","title":{"rendered":"Beneficios"},"content":{"rendered":"\t\t<div data-elementor-type=\"wp-page\" data-elementor-id=\"1666\" class=\"elementor elementor-1666\">\n\t\t\t\t\t\t<section class=\"elementor-section elementor-top-section elementor-element elementor-element-1fcd7e9c elementor-section-full_width elementor-section-height-default elementor-section-height-default\" data-id=\"1fcd7e9c\" data-element_type=\"section\" data-e-type=\"section\" data-settings=\"{&quot;background_background&quot;:&quot;classic&quot;}\">\n\t\t\t\t\t\t<div class=\"elementor-container elementor-column-gap-no\">\n\t\t\t\t\t<div class=\"elementor-column elementor-col-100 elementor-top-column elementor-element elementor-element-11556f08\" data-id=\"11556f08\" data-element_type=\"column\" data-e-type=\"column\">\n\t\t\t<div class=\"elementor-widget-wrap elementor-element-populated\">\n\t\t\t\t\t\t<div class=\"elementor-element elementor-element-14e7da28 elementor-widget elementor-widget-elementskit-heading\" data-id=\"14e7da28\" data-element_type=\"widget\" data-e-type=\"widget\" data-widget_type=\"elementskit-heading.default\">\n\t\t\t\t<div class=\"elementor-widget-container\">\n\t\t\t\t\t<div class=\"ekit-wid-con\" ><div class=\"ekit-heading elementskit-section-title-wraper center   ekit_heading_tablet-   ekit_heading_mobile-\"><h1 class=\"ekit-heading--title elementskit-section-title \">BENEFICIOS PARA SOCIOS<\/h1><div class=\"ekit_heading_separetor_wraper ekit_heading_elementskit-border-divider ekit-dotted\"><div class=\"elementskit-border-divider ekit-dotted\"><\/div><\/div><\/div><\/div>\t\t\t\t<\/div>\n\t\t\t\t<\/div>\n\t\t\t\t<section class=\"elementor-section elementor-inner-section elementor-element elementor-element-1af414bc elementor-section-boxed elementor-section-height-default elementor-section-height-default\" data-id=\"1af414bc\" data-element_type=\"section\" data-e-type=\"section\">\n\t\t\t\t\t\t<div class=\"elementor-container elementor-column-gap-default\">\n\t\t\t\t\t<div class=\"elementor-column elementor-col-25 elementor-inner-column elementor-element elementor-element-2fd3d9da\" data-id=\"2fd3d9da\" data-element_type=\"column\" data-e-type=\"column\">\n\t\t\t<div class=\"elementor-widget-wrap elementor-element-populated\">\n\t\t\t\t\t\t<div class=\"elementor-element elementor-element-5096a79a ekit-equal-height-enable elementor-widget elementor-widget-elementskit-image-box\" data-id=\"5096a79a\" data-element_type=\"widget\" data-e-type=\"widget\" data-widget_type=\"elementskit-image-box.default\">\n\t\t\t\t<div class=\"elementor-widget-container\">\n\t\t\t\t\t<div class=\"ekit-wid-con\" >\n            <div class=\"elementskit-info-image-box ekit-image-box text-center style-modern\" >\n\n                \n                <div class=\"elementskit-box-header image-box-img-center\">\n\n                    <img fetchpriority=\"high\" decoding=\"async\" width=\"600\" height=\"600\" src=\"https:\/\/urretafc.uy\/wp-content\/uploads\/2022\/03\/Diseno-sin-titulo-3.png\" class=\"attachment-full size-full wp-image-1662\" alt=\"\" srcset=\"https:\/\/urretafc.uy\/wp-content\/uploads\/2022\/03\/Diseno-sin-titulo-3.png 600w, https:\/\/urretafc.uy\/wp-content\/uploads\/2022\/03\/Diseno-sin-titulo-3-300x300.png 300w, https:\/\/urretafc.uy\/wp-content\/uploads\/2022\/03\/Diseno-sin-titulo-3-150x150.png 150w\" sizes=\"(max-width: 600px) 100vw, 600px\" \/>\n                <\/div>\n                \n                <div class=\"elementskit-box-body ekit-image-box-body\">\n                    <div class=\"elementskit-box-content ekit-image-box-body-inner\">\n                                                <h5 class=\"elementskit-info-box-title\">\n\n                        DOT SOUND\n                        \n                    <\/h5>\n                                                            <div class=\"elementskit-box-style-content\">\n                        10 % de descuento en general                    <\/div>\n                                    <\/div>\n\n                            <\/div>\n            <\/div>\n    <\/div>\t\t\t\t<\/div>\n\t\t\t\t<\/div>\n\t\t\t\t\t<\/div>\n\t\t<\/div>\n\t\t\t\t<div class=\"elementor-column elementor-col-25 elementor-inner-column elementor-element elementor-element-26c07436\" data-id=\"26c07436\" data-element_type=\"column\" data-e-type=\"column\">\n\t\t\t<div class=\"elementor-widget-wrap elementor-element-populated\">\n\t\t\t\t\t\t<div class=\"elementor-element elementor-element-4f73545c ekit-equal-height-enable elementor-widget elementor-widget-elementskit-image-box\" data-id=\"4f73545c\" data-element_type=\"widget\" data-e-type=\"widget\" data-widget_type=\"elementskit-image-box.default\">\n\t\t\t\t<div class=\"elementor-widget-container\">\n\t\t\t\t\t<div class=\"ekit-wid-con\" >\n            <div class=\"elementskit-info-image-box ekit-image-box text-center style-modern\" >\n\n                \n                <div class=\"elementskit-box-header image-box-img-center\">\n\n                    <img decoding=\"async\" width=\"600\" height=\"600\" src=\"https:\/\/urretafc.uy\/wp-content\/uploads\/2022\/03\/12.png\" class=\"attachment-full size-full wp-image-1653\" alt=\"\" srcset=\"https:\/\/urretafc.uy\/wp-content\/uploads\/2022\/03\/12.png 600w, https:\/\/urretafc.uy\/wp-content\/uploads\/2022\/03\/12-300x300.png 300w, https:\/\/urretafc.uy\/wp-content\/uploads\/2022\/03\/12-150x150.png 150w\" sizes=\"(max-width: 600px) 100vw, 600px\" \/>\n                <\/div>\n                \n                <div class=\"elementskit-box-body ekit-image-box-body\">\n                    <div class=\"elementskit-box-content ekit-image-box-body-inner\">\n                                                <h5 class=\"elementskit-info-box-title\">\n\n                        TRAVELOZ\n                        \n                    <\/h5>\n                                                            <div class=\"elementskit-box-style-content\">\n                        2X1 En Seguro de Asistencia\n10% en Hoteler\u00eda\n15% en Alquiiler de Autos\n10% en Cruceros\n*No aplica para tasas, impuestos y propinas\n\n                    <\/div>\n                                    <\/div>\n\n                            <\/div>\n            <\/div>\n    <\/div>\t\t\t\t<\/div>\n\t\t\t\t<\/div>\n\t\t\t\t\t<\/div>\n\t\t<\/div>\n\t\t\t\t<div class=\"elementor-column elementor-col-25 elementor-inner-column elementor-element elementor-element-75a1a967\" data-id=\"75a1a967\" data-element_type=\"column\" data-e-type=\"column\">\n\t\t\t<div class=\"elementor-widget-wrap elementor-element-populated\">\n\t\t\t\t\t\t<div class=\"elementor-element elementor-element-2691b091 ekit-equal-height-enable elementor-widget elementor-widget-elementskit-image-box\" data-id=\"2691b091\" data-element_type=\"widget\" data-e-type=\"widget\" data-widget_type=\"elementskit-image-box.default\">\n\t\t\t\t<div class=\"elementor-widget-container\">\n\t\t\t\t\t<div class=\"ekit-wid-con\" >\n            <div class=\"elementskit-info-image-box ekit-image-box text-center style-modern\" >\n\n                \n                <div class=\"elementskit-box-header image-box-img-center\">\n\n                    <img decoding=\"async\" width=\"600\" height=\"600\" src=\"https:\/\/urretafc.uy\/wp-content\/uploads\/2022\/03\/Urreta.png\" class=\"attachment-full size-full wp-image-1656\" alt=\"\" srcset=\"https:\/\/urretafc.uy\/wp-content\/uploads\/2022\/03\/Urreta.png 600w, https:\/\/urretafc.uy\/wp-content\/uploads\/2022\/03\/Urreta-300x300.png 300w, https:\/\/urretafc.uy\/wp-content\/uploads\/2022\/03\/Urreta-150x150.png 150w\" sizes=\"(max-width: 600px) 100vw, 600px\" \/>\n                <\/div>\n                \n                <div class=\"elementskit-box-body ekit-image-box-body\">\n                    <div class=\"elementskit-box-content ekit-image-box-body-inner\">\n                                                <h5 class=\"elementskit-info-box-title\">\n\n                        FYM\n                        \n                    <\/h5>\n                                                            <div class=\"elementskit-box-style-content\">\n                        10% Descuento en lavados\n10% Descuento en limpieza de tapizados                    <\/div>\n                                    <\/div>\n\n                            <\/div>\n            <\/div>\n    <\/div>\t\t\t\t<\/div>\n\t\t\t\t<\/div>\n\t\t\t\t\t<\/div>\n\t\t<\/div>\n\t\t\t\t<div class=\"elementor-column elementor-col-25 elementor-inner-column elementor-element elementor-element-e504672\" data-id=\"e504672\" data-element_type=\"column\" data-e-type=\"column\">\n\t\t\t<div class=\"elementor-widget-wrap elementor-element-populated\">\n\t\t\t\t\t\t<div class=\"elementor-element elementor-element-e258442 ekit-equal-height-enable elementor-widget elementor-widget-elementskit-image-box\" data-id=\"e258442\" data-element_type=\"widget\" data-e-type=\"widget\" data-widget_type=\"elementskit-image-box.default\">\n\t\t\t\t<div class=\"elementor-widget-container\">\n\t\t\t\t\t<div class=\"ekit-wid-con\" >\n            <div class=\"elementskit-info-image-box ekit-image-box text-center style-modern\" >\n\n                \n                <div class=\"elementskit-box-header image-box-img-center\">\n\n                    <img loading=\"lazy\" decoding=\"async\" width=\"600\" height=\"600\" src=\"https:\/\/urretafc.uy\/wp-content\/uploads\/2022\/03\/Diseno-sin-titulo-61.png\" class=\"attachment-full size-full wp-image-1703\" alt=\"\" srcset=\"https:\/\/urretafc.uy\/wp-content\/uploads\/2022\/03\/Diseno-sin-titulo-61.png 600w, https:\/\/urretafc.uy\/wp-content\/uploads\/2022\/03\/Diseno-sin-titulo-61-300x300.png 300w, https:\/\/urretafc.uy\/wp-content\/uploads\/2022\/03\/Diseno-sin-titulo-61-150x150.png 150w\" sizes=\"(max-width: 600px) 100vw, 600px\" \/>\n                <\/div>\n                \n                <div class=\"elementskit-box-body ekit-image-box-body\">\n                    <div class=\"elementskit-box-content ekit-image-box-body-inner\">\n                                                <h5 class=\"elementskit-info-box-title\">\n\n                        CLEVER.REP\n                        \n                    <\/h5>\n                                                            <div class=\"elementskit-box-style-content\">\n                        10% Descuento en general                    <\/div>\n                                    <\/div>\n\n                            <\/div>\n            <\/div>\n    <\/div>\t\t\t\t<\/div>\n\t\t\t\t<\/div>\n\t\t\t\t\t<\/div>\n\t\t<\/div>\n\t\t\t\t\t<\/div>\n\t\t<\/section>\n\t\t\t\t<section class=\"elementor-section elementor-inner-section elementor-element elementor-element-dad94a0 elementor-section-boxed elementor-section-height-default elementor-section-height-default\" data-id=\"dad94a0\" data-element_type=\"section\" data-e-type=\"section\">\n\t\t\t\t\t\t<div class=\"elementor-container elementor-column-gap-default\">\n\t\t\t\t\t<div class=\"elementor-column elementor-col-25 elementor-inner-column elementor-element elementor-element-b8d71ac\" data-id=\"b8d71ac\" data-element_type=\"column\" data-e-type=\"column\">\n\t\t\t<div class=\"elementor-widget-wrap elementor-element-populated\">\n\t\t\t\t\t\t<div class=\"elementor-element elementor-element-a723898 ekit-equal-height-enable elementor-widget elementor-widget-elementskit-image-box\" data-id=\"a723898\" data-element_type=\"widget\" data-e-type=\"widget\" data-widget_type=\"elementskit-image-box.default\">\n\t\t\t\t<div class=\"elementor-widget-container\">\n\t\t\t\t\t<div class=\"ekit-wid-con\" >\n            <div class=\"elementskit-info-image-box ekit-image-box text-center style-modern\" >\n\n                \n                <div class=\"elementskit-box-header image-box-img-center\">\n\n                    <img loading=\"lazy\" decoding=\"async\" width=\"600\" height=\"600\" src=\"https:\/\/urretafc.uy\/wp-content\/uploads\/2022\/04\/Diseno-sin-titulo-18.jpg\" class=\"attachment-full size-full wp-image-1747\" alt=\"\" srcset=\"https:\/\/urretafc.uy\/wp-content\/uploads\/2022\/04\/Diseno-sin-titulo-18.jpg 600w, https:\/\/urretafc.uy\/wp-content\/uploads\/2022\/04\/Diseno-sin-titulo-18-300x300.jpg 300w, https:\/\/urretafc.uy\/wp-content\/uploads\/2022\/04\/Diseno-sin-titulo-18-150x150.jpg 150w\" sizes=\"(max-width: 600px) 100vw, 600px\" \/>\n                <\/div>\n                \n                <div class=\"elementskit-box-body ekit-image-box-body\">\n                    <div class=\"elementskit-box-content ekit-image-box-body-inner\">\n                                                <h5 class=\"elementskit-info-box-title\">\n\n                        OPTILOOK\n                        \n                    <\/h5>\n                                                            <div class=\"elementskit-box-style-content\">\n                        15% de descuento en todos los productos que no est\u00e9n en promoci\u00f3n y servicio de reparaci\u00f3n y mantenimiento sin costo.                    <\/div>\n                                    <\/div>\n\n                            <\/div>\n            <\/div>\n    <\/div>\t\t\t\t<\/div>\n\t\t\t\t<\/div>\n\t\t\t\t\t<\/div>\n\t\t<\/div>\n\t\t\t\t<div class=\"elementor-column elementor-col-25 elementor-inner-column elementor-element elementor-element-abbed76\" data-id=\"abbed76\" data-element_type=\"column\" data-e-type=\"column\">\n\t\t\t<div class=\"elementor-widget-wrap\">\n\t\t\t\t\t\t\t<\/div>\n\t\t<\/div>\n\t\t\t\t<div class=\"elementor-column elementor-col-25 elementor-inner-column elementor-element elementor-element-1d79512\" data-id=\"1d79512\" data-element_type=\"column\" data-e-type=\"column\">\n\t\t\t<div class=\"elementor-widget-wrap\">\n\t\t\t\t\t\t\t<\/div>\n\t\t<\/div>\n\t\t\t\t<div class=\"elementor-column elementor-col-25 elementor-inner-column elementor-element elementor-element-1dcf1a1\" data-id=\"1dcf1a1\" data-element_type=\"column\" data-e-type=\"column\">\n\t\t\t<div class=\"elementor-widget-wrap\">\n\t\t\t\t\t\t\t<\/div>\n\t\t<\/div>\n\t\t\t\t\t<\/div>\n\t\t<\/section>\n\t\t\t\t\t<\/div>\n\t\t<\/div>\n\t\t\t\t\t<\/div>\n\t\t<\/section>\n\t\t\t\t<\/div>\n\t\t","protected":false},"excerpt":{"rendered":"<p>BENEFICIOS PARA SOCIOS DOT SOUND 10 % de descuento en general TRAVELOZ 2X1 En Seguro de Asistencia 10% en Hoteler\u00eda 15% en Alquiiler de Autos 10% en Cruceros *No aplica para tasas, impuestos y propinas FYM 10% Descuento en lavados 10% Descuento en limpieza de tapizados CLEVER.REP 10% Descuento en general OPTILOOK 15% de descuento [&hellip;]<\/p>\n","protected":false},"author":1,"featured_media":0,"parent":0,"menu_order":0,"comment_status":"closed","ping_status":"closed","template":"","meta":{"site-sidebar-layout":"no-sidebar","site-content-layout":"page-builder","ast-site-content-layout":"default","site-content-style":"default","site-sidebar-style":"default","ast-global-header-display":"","ast-banner-title-visibility":"","ast-main-header-display":"","ast-hfb-above-header-display":"","ast-hfb-below-header-display":"","ast-hfb-mobile-header-display":"","site-post-title":"disabled","ast-breadcrumbs-content":"","ast-featured-img":"disabled","footer-sml-layout":"","ast-disable-related-posts":"","theme-transparent-header-meta":"","adv-header-id-meta":"","stick-header-meta":"","header-above-stick-meta":"","header-main-stick-meta":"","header-below-stick-meta":"","astra-migrate-meta-layouts":"default","ast-page-background-enabled":"default","ast-page-background-meta":{"desktop":{"background-color":"var(--ast-global-color-4)","background-image":"","background-repeat":"repeat","background-position":"center center","background-size":"auto","background-attachment":"scroll","background-type":"","background-media":"","overlay-type":"","overlay-color":"","overlay-opacity":"","overlay-gradient":""},"tablet":{"background-color":"","background-image":"","background-repeat":"repeat","background-position":"center center","background-size":"auto","background-attachment":"scroll","background-type":"","background-media":"","overlay-type":"","overlay-color":"","overlay-opacity":"","overlay-gradient":""},"mobile":{"background-color":"","background-image":"","background-repeat":"repeat","background-position":"center center","background-size":"auto","background-attachment":"scroll","background-type":"","background-media":"","overlay-type":"","overlay-color":"","overlay-opacity":"","overlay-gradient":""}},"ast-content-background-meta":{"desktop":{"background-color":"var(--ast-global-color-5)","background-image":"","background-repeat":"repeat","background-position":"center center","background-size":"auto","background-attachment":"scroll","background-type":"","background-media":"","overlay-type":"","overlay-color":"","overlay-opacity":"","overlay-gradient":""},"tablet":{"background-color":"var(--ast-global-color-5)","background-image":"","background-repeat":"repeat","background-position":"center center","background-size":"auto","background-attachment":"scroll","background-type":"","background-media":"","overlay-type":"","overlay-color":"","overlay-opacity":"","overlay-gradient":""},"mobile":{"background-color":"var(--ast-global-color-5)","background-image":"","background-repeat":"repeat","background-position":"center center","background-size":"auto","background-attachment":"scroll","background-type":"","background-media":"","overlay-type":"","overlay-color":"","overlay-opacity":"","overlay-gradient":""}},"footnotes":""},"class_list":["post-1666","page","type-page","status-publish","hentry"],"_links":{"self":[{"href":"https:\/\/urretafc.uy\/index.php?rest_route=\/wp\/v2\/pages\/1666","targetHints":{"allow":["GET"]}}],"collection":[{"href":"https:\/\/urretafc.uy\/index.php?rest_route=\/wp\/v2\/pages"}],"about":[{"href":"https:\/\/urretafc.uy\/index.php?rest_route=\/wp\/v2\/types\/page"}],"author":[{"embeddable":true,"href":"https:\/\/urretafc.uy\/index.php?rest_route=\/wp\/v2\/users\/1"}],"replies":[{"embeddable":true,"href":"https:\/\/urretafc.uy\/index.php?rest_route=%2Fwp%2Fv2%2Fcomments&post=1666"}],"version-history":[{"count":26,"href":"https:\/\/urretafc.uy\/index.php?rest_route=\/wp\/v2\/pages\/1666\/revisions"}],"predecessor-version":[{"id":1753,"href":"https:\/\/urretafc.uy\/index.php?rest_route=\/wp\/v2\/pages\/1666\/revisions\/1753"}],"wp:attachment":[{"href":"https:\/\/urretafc.uy\/index.php?rest_route=%2Fwp%2Fv2%2Fmedia&parent=1666"}],"curies":[{"name":"wp","href":"https:\/\/api.w.org\/{rel}","templated":true}]}}